{"id":2819,"date":"2023-10-09T11:21:12","date_gmt":"2023-10-09T11:21:12","guid":{"rendered":"https:\/\/magyarjogaakademia.hu\/?page_id=2819"},"modified":"2023-10-09T11:21:43","modified_gmt":"2023-10-09T11:21:43","slug":"elementor-2819","status":"publish","type":"page","link":"https:\/\/magyarjogaakademia.hu\/en\/elementor-2819\/","title":{"rendered":"Pranajama Tanfolyam Elojelentkezes"},"content":{"rendered":"<div data-elementor-type=\"wp-page\" data-elementor-id=\"2819\" class=\"elementor elementor-2819\">\n\t\t\t\t\t\t<section class=\"elementor-section elementor-top-section elementor-element elementor-element-1cc05906 elementor-section-boxed elementor-section-height-default elementor-section-height-default\" data-id=\"1cc05906\" data-element_type=\"section\" data-settings=\"{&quot;background_background&quot;:&quot;classic&quot;}\">\n\t\t\t\t\t\t<div class=\"elementor-container elementor-column-gap-default\">\n\t\t\t\t\t<div class=\"elementor-column elementor-col-100 elementor-top-column elementor-element elementor-element-5ccce461\" data-id=\"5ccce461\" data-element_type=\"column\">\n\t\t\t<div class=\"elementor-widget-wrap elementor-element-populated\">\n\t\t\t\t\t\t<div class=\"elementor-element elementor-element-74a12dab elementor-widget elementor-widget-heading\" data-id=\"74a12dab\" data-element_type=\"widget\" data-widget_type=\"heading.default\">\n\t\t\t\t<div class=\"elementor-widget-container\">\n\t\t\t<h1 class=\"elementor-heading-title elementor-size-default\">Tradicion\u00e1lis Pr\u00e1n\u00e1j\u00e1ma online tanfolyam<\/h1>\t\t<\/div>\n\t\t\t\t<\/div>\n\t\t\t\t\t<\/div>\n\t\t<\/div>\n\t\t\t\t\t<\/div>\n\t\t<\/section>\n\t\t\t\t<section class=\"elementor-section elementor-top-section elementor-element elementor-element-3afab464 elementor-section-boxed elementor-section-height-default elementor-section-height-default\" data-id=\"3afab464\" data-element_type=\"section\">\n\t\t\t\t\t\t<div class=\"elementor-container elementor-column-gap-default\">\n\t\t\t\t\t<div class=\"elementor-column elementor-col-100 elementor-top-column elementor-element elementor-element-a91a8a9\" data-id=\"a91a8a9\" data-element_type=\"column\">\n\t\t\t<div class=\"elementor-widget-wrap elementor-element-populated\">\n\t\t\t\t\t\t<div class=\"elementor-element elementor-element-535ac9cd elementor-widget elementor-widget-heading\" data-id=\"535ac9cd\" data-element_type=\"widget\" data-widget_type=\"heading.default\">\n\t\t\t\t<div class=\"elementor-widget-container\">\n\t\t\t<h2 class=\"elementor-heading-title elementor-size-default\">Gratul\u00e1lunk a sikeres el\u0151jelentkez\u00e9shez!&nbsp;<\/h2>\t\t<\/div>\n\t\t\t\t<\/div>\n\t\t\t\t<section class=\"elementor-section elementor-inner-section elementor-element elementor-element-282fe489 elementor-section-boxed elementor-section-height-default elementor-section-height-default\" data-id=\"282fe489\" data-element_type=\"section\">\n\t\t\t\t\t\t<div class=\"elementor-container elementor-column-gap-default\">\n\t\t\t\t\t<div class=\"elementor-column elementor-col-66 elementor-inner-column elementor-element elementor-element-3a7d2f61\" data-id=\"3a7d2f61\" data-element_type=\"column\">\n\t\t\t<div class=\"elementor-widget-wrap elementor-element-populated\">\n\t\t\t\t\t\t<div class=\"elementor-element elementor-element-54c63ad elementor-widget elementor-widget-text-editor\" data-id=\"54c63ad\" data-element_type=\"widget\" data-widget_type=\"text-editor.default\">\n\t\t\t\t<div class=\"elementor-widget-container\">\n\t\t\t\t\t\t\t<p style=\"text-align: center;\">A visszaigazol\u00f3 email p\u00e1r percen bel\u00fcl meg\u00e9rkezik a postafi\u00f3kodba.\u00a0<\/p><p style=\"text-align: center;\">Ha nem tal\u00e1lod, <br \/>ind\u00edtsd el ezt a vide\u00f3t.\u00a0<\/p>\t\t\t\t\t\t<\/div>\n\t\t\t\t<\/div>\n\t\t\t\t\t<\/div>\n\t\t<\/div>\n\t\t\t\t<div class=\"elementor-column elementor-col-33 elementor-inner-column elementor-element elementor-element-24d3966f\" data-id=\"24d3966f\" data-element_type=\"column\">\n\t\t\t<div class=\"elementor-widget-wrap elementor-element-populated\">\n\t\t\t\t\t\t<div class=\"elementor-element elementor-element-39482250 elementor-widget elementor-widget-html\" data-id=\"39482250\" data-element_type=\"widget\" data-widget_type=\"html.default\">\n\t\t\t\t<div class=\"elementor-widget-container\">\n\t\t\t<script src=\"https:\/\/fast.wistia.com\/embed\/medias\/eml6nw9uof.jsonp\" async><\/script><script src=\"https:\/\/fast.wistia.com\/assets\/external\/E-v1.js\" async><\/script><div class=\"wistia_responsive_padding\" style=\"padding:56.25% 0 0 0;position:relative;\"><div class=\"wistia_responsive_wrapper\" style=\"height:100%;left:0;position:absolute;top:0;width:100%;\"><div class=\"wistia_embed wistia_async_eml6nw9uof seo=true videoFoam=true\" style=\"height:100%;position:relative;width:100%\"><div class=\"wistia_swatch\" style=\"height:100%;left:0;opacity:0;overflow:hidden;position:absolute;top:0;transition:opacity 200ms;width:100%;\"><img decoding=\"async\" src=\"https:\/\/fast.wistia.com\/embed\/medias\/eml6nw9uof\/swatch\" style=\"filter:blur(5px);height:100%;object-fit:contain;width:100%;\" alt=\"\" aria-hidden=\"true\" onload=\"this.parentNode.style.opacity=1;\" \/><\/div><\/div><\/div><\/div>\t\t<\/div>\n\t\t\t\t<\/div>\n\t\t\t\t\t<\/div>\n\t\t<\/div>\n\t\t\t\t\t<\/div>\n\t\t<\/section>\n\t\t\t\t\t<\/div>\n\t\t<\/div>\n\t\t\t\t\t<\/div>\n\t\t<\/section>\n\t\t\t\t<section class=\"elementor-section elementor-top-section elementor-element elementor-element-64d0c16b elementor-section-boxed elementor-section-height-default elementor-section-height-default\" data-id=\"64d0c16b\" data-element_type=\"section\">\n\t\t\t\t\t\t<div class=\"elementor-container elementor-column-gap-default\">\n\t\t\t\t\t<div class=\"elementor-column elementor-col-50 elementor-top-column elementor-element elementor-element-61d6f1d6\" data-id=\"61d6f1d6\" data-element_type=\"column\">\n\t\t\t<div class=\"elementor-widget-wrap elementor-element-populated\">\n\t\t\t\t\t\t<div class=\"elementor-element elementor-element-3f17dc61 elementor-widget elementor-widget-image\" data-id=\"3f17dc61\" data-element_type=\"widget\" data-widget_type=\"image.default\">\n\t\t\t\t<div class=\"elementor-widget-container\">\n\t\t\t\t\t\t\t\t\t\t\t\t\t<img fetchpriority=\"high\" decoding=\"async\" width=\"300\" height=\"200\" src=\"https:\/\/magyarjogaakademia.hu\/wp-content\/uploads\/2023\/05\/csongoresagica-300x200.jpg\" class=\"attachment-medium size-medium wp-image-1110\" alt=\"Selmecin\u00e9 \u00c1gi \u00e9s Csongor\" srcset=\"https:\/\/magyarjogaakademia.hu\/wp-content\/uploads\/2023\/05\/csongoresagica-300x200.jpg 300w, https:\/\/magyarjogaakademia.hu\/wp-content\/uploads\/2023\/05\/csongoresagica.jpg 600w\" sizes=\"(max-width: 300px) 100vw, 300px\" \/>\t\t\t\t\t\t\t\t\t\t\t\t\t<\/div>\n\t\t\t\t<\/div>\n\t\t\t\t\t<\/div>\n\t\t<\/div>\n\t\t\t\t<div class=\"elementor-column elementor-col-50 elementor-top-column elementor-element elementor-element-13c68610\" data-id=\"13c68610\" data-element_type=\"column\">\n\t\t\t<div class=\"elementor-widget-wrap elementor-element-populated\">\n\t\t\t\t\t\t<div class=\"elementor-element elementor-element-20bb02ea elementor-widget elementor-widget-heading\" data-id=\"20bb02ea\" data-element_type=\"widget\" data-widget_type=\"heading.default\">\n\t\t\t\t<div class=\"elementor-widget-container\">\n\t\t\t<h2 class=\"elementor-heading-title elementor-size-default\">J\u00f3 gyakorl\u00e1st k\u00edv\u00e1nunk!<\/h2>\t\t<\/div>\n\t\t\t\t<\/div>\n\t\t\t\t<div class=\"elementor-element elementor-element-6d43272f elementor-widget elementor-widget-heading\" data-id=\"6d43272f\" data-element_type=\"widget\" data-widget_type=\"heading.default\">\n\t\t\t\t<div class=\"elementor-widget-container\">\n\t\t\t<p class=\"elementor-heading-title elementor-size-default\">Selmecin\u00e9 \u00c1gi \u00e9s Selmeci Csongor<\/p>\t\t<\/div>\n\t\t\t\t<\/div>\n\t\t\t\t\t<\/div>\n\t\t<\/div>\n\t\t\t\t\t<\/div>\n\t\t<\/section>\n\t\t\t\t<section class=\"elementor-section elementor-top-section elementor-element elementor-element-47bdccc6 elementor-section-boxed elementor-section-height-default elementor-section-height-default\" data-id=\"47bdccc6\" data-element_type=\"section\">\n\t\t\t\t\t\t<div class=\"elementor-container elementor-column-gap-default\">\n\t\t\t\t\t<div class=\"elementor-column elementor-col-100 elementor-top-column elementor-element elementor-element-788f720d\" data-id=\"788f720d\" data-element_type=\"column\">\n\t\t\t<div class=\"elementor-widget-wrap elementor-element-populated\">\n\t\t\t\t\t\t<div class=\"elementor-element elementor-element-5d87b5a1 elementor-widget elementor-widget-heading\" data-id=\"5d87b5a1\" data-element_type=\"widget\" data-widget_type=\"heading.default\">\n\t\t\t\t<div class=\"elementor-widget-container\">\n\t\t\t<p class=\"elementor-heading-title elementor-size-default\">Magyar J\u00f3ga Akad\u00e9mia<\/p>\t\t<\/div>\n\t\t\t\t<\/div>\n\t\t\t\t<div class=\"elementor-element elementor-element-1f8f5451 elementor-widget elementor-widget-heading\" data-id=\"1f8f5451\" data-element_type=\"widget\" data-widget_type=\"heading.default\">\n\t\t\t\t<div class=\"elementor-widget-container\">\n\t\t\t<h2 class=\"elementor-heading-title elementor-size-default\">\"Ahol a tradici\u00f3 \u00e9s a tudom\u00e1ny tal\u00e1lkozik.\"<\/h2>\t\t<\/div>\n\t\t\t\t<\/div>\n\t\t\t\t\t<\/div>\n\t\t<\/div>\n\t\t\t\t\t<\/div>\n\t\t<\/section>\n\t\t\t\t<section class=\"elementor-section elementor-top-section elementor-element elementor-element-11c9e2c0 elementor-section-boxed elementor-section-height-default elementor-section-height-default\" data-id=\"11c9e2c0\" data-element_type=\"section\" data-settings=\"{&quot;background_background&quot;:&quot;classic&quot;}\">\n\t\t\t\t\t\t<div class=\"elementor-container elementor-column-gap-default\">\n\t\t\t\t\t<div class=\"elementor-column elementor-col-100 elementor-top-column elementor-element elementor-element-6b016b61\" data-id=\"6b016b61\" data-element_type=\"column\">\n\t\t\t<div class=\"elementor-widget-wrap elementor-element-populated\">\n\t\t\t\t\t\t<div class=\"elementor-element elementor-element-1271120b elementor-widget elementor-widget-heading\" data-id=\"1271120b\" data-element_type=\"widget\" data-widget_type=\"heading.default\">\n\t\t\t\t<div class=\"elementor-widget-container\">\n\t\t\t<p class=\"elementor-heading-title elementor-size-default\"><a href=\"https:\/\/magyarjogaakademia.hu\/en\/adatvedelem\/\">Adatv\u00e9delem<\/a><\/p>\t\t<\/div>\n\t\t\t\t<\/div>\n\t\t\t\t\t<\/div>\n\t\t<\/div>\n\t\t\t\t\t<\/div>\n\t\t<\/section>\n\t\t\t\t<section class=\"elementor-section elementor-top-section elementor-element elementor-element-50c0d4c2 elementor-section-boxed elementor-section-height-default elementor-section-height-default\" data-id=\"50c0d4c2\" data-element_type=\"section\">\n\t\t\t\t\t\t<div class=\"elementor-container elementor-column-gap-default\">\n\t\t\t\t\t<div class=\"elementor-column elementor-col-100 elementor-top-column elementor-element elementor-element-1ba3f232\" data-id=\"1ba3f232\" data-element_type=\"column\">\n\t\t\t<div class=\"elementor-widget-wrap elementor-element-populated\">\n\t\t\t\t\t\t\t<\/div>\n\t\t<\/div>\n\t\t\t\t\t<\/div>\n\t\t<\/section>\n\t\t\t\t<\/div>","protected":false},"excerpt":{"rendered":"<p>Tradicion\u00e1lis Pr\u00e1n\u00e1j\u00e1ma online tanfolyam Gratul\u00e1lunk a sikeres el\u0151jelentkez\u00e9shez!&nbsp; A visszaigazol\u00f3 email p\u00e1r percen bel\u00fcl meg\u00e9rkezik a postafi\u00f3kodba.\u00a0 Ha nem tal\u00e1lod, ind\u00edtsd el ezt a vide\u00f3t.\u00a0 J\u00f3 gyakorl\u00e1st k\u00edv\u00e1nunk! Selmecin\u00e9 \u00c1gi \u00e9s Selmeci Csongor Magyar J\u00f3ga Akad\u00e9mia &#8222;Ahol a tradici\u00f3 \u00e9s a tudom\u00e1ny tal\u00e1lkozik.&#8221; Adatv\u00e9delem<\/p>","protected":false},"author":4,"featured_media":0,"parent":0,"menu_order":0,"comment_status":"closed","ping_status":"closed","template":"elementor_canvas","meta":{"site-sidebar-layout":"no-sidebar","site-content-layout":"page-builder","ast-site-content-layout":"default","site-content-style":"default","site-sidebar-style":"default","ast-global-header-display":"","ast-banner-title-visibility":"","ast-main-header-display":"","ast-hfb-above-header-display":"","ast-hfb-below-header-display":"","ast-hfb-mobile-header-display":"","site-post-title":"disabled","ast-breadcrumbs-content":"","ast-featured-img":"disabled","footer-sml-layout":"","theme-transparent-header-meta":"","adv-header-id-meta":"","stick-header-meta":"","header-above-stick-meta":"","header-main-stick-meta":"","header-below-stick-meta":"","astra-migrate-meta-layouts":"set","ast-page-background-enabled":"default","ast-page-background-meta":{"desktop":{"background-color":"","background-image":"","background-repeat":"repeat","background-position":"center center","background-size":"auto","background-attachment":"scroll","background-type":"","background-media":"","overlay-type":"","overlay-color":"","overlay-opacity":"","overlay-gradient":""},"tablet":{"background-color":"","background-image":"","background-repeat":"repeat","background-position":"center center","background-size":"auto","background-attachment":"scroll","background-type":"","background-media":"","overlay-type":"","overlay-color":"","overlay-opacity":"","overlay-gradient":""},"mobile":{"background-color":"","background-image":"","background-repeat":"repeat","background-position":"center center","background-size":"auto","background-attachment":"scroll","background-type":"","background-media":"","overlay-type":"","overlay-color":"","overlay-opacity":"","overlay-gradient":""}},"ast-content-background-meta":{"desktop":{"background-color":"var(--ast-global-color-5)","background-image":"","background-repeat":"repeat","background-position":"center center","background-size":"auto","background-attachment":"scroll","background-type":"","background-media":"","overlay-type":"","overlay-color":"","overlay-opacity":"","overlay-gradient":""},"tablet":{"background-color":"var(--ast-global-color-5)","background-image":"","background-repeat":"repeat","background-position":"center center","background-size":"auto","background-attachment":"scroll","background-type":"","background-media":"","overlay-type":"","overlay-color":"","overlay-opacity":"","overlay-gradient":""},"mobile":{"background-color":"var(--ast-global-color-5)","background-image":"","background-repeat":"repeat","background-position":"center center","background-size":"auto","background-attachment":"scroll","background-type":"","background-media":"","overlay-type":"","overlay-color":"","overlay-opacity":"","overlay-gradient":""}},"footnotes":""},"class_list":["post-2819","page","type-page","status-publish","hentry"],"yoast_head":"<!-- This site is optimized with the Yoast SEO plugin v23.9 - https:\/\/yoast.com\/wordpress\/plugins\/seo\/ -->\n<title>Pranajama Tanfolyam Elojelentkezes | Magyar J\u00f3ga Akad\u00e9mia<\/title>\n<meta name=\"robots\" content=\"index, follow, max-snippet:-1, max-image-preview:large, max-video-preview:-1\" \/>\n<link rel=\"canonical\" href=\"https:\/\/magyarjogaakademia.hu\/en\/elementor-2819\/\" \/>\n<meta property=\"og:locale\" content=\"en_GB\" \/>\n<meta property=\"og:type\" content=\"article\" \/>\n<meta property=\"og:title\" content=\"Pranajama Tanfolyam Elojelentkezes | Magyar J\u00f3ga Akad\u00e9mia\" \/>\n<meta property=\"og:description\" content=\"Tradicion\u00e1lis Pr\u00e1n\u00e1j\u00e1ma online tanfolyam Gratul\u00e1lunk a sikeres el\u0151jelentkez\u00e9shez!&nbsp; A visszaigazol\u00f3 email p\u00e1r percen bel\u00fcl meg\u00e9rkezik a postafi\u00f3kodba.\u00a0 Ha nem tal\u00e1lod, ind\u00edtsd el ezt a vide\u00f3t.\u00a0 J\u00f3 gyakorl\u00e1st k\u00edv\u00e1nunk! Selmecin\u00e9 \u00c1gi \u00e9s Selmeci Csongor Magyar J\u00f3ga Akad\u00e9mia &#8222;Ahol a tradici\u00f3 \u00e9s a tudom\u00e1ny tal\u00e1lkozik.&#8221; Adatv\u00e9delem\" \/>\n<meta property=\"og:url\" content=\"https:\/\/magyarjogaakademia.hu\/en\/elementor-2819\/\" \/>\n<meta property=\"og:site_name\" content=\"Magyar J\u00f3ga Akad\u00e9mia\" \/>\n<meta property=\"article:publisher\" content=\"https:\/\/www.facebook.com\/MagyarJogaAkademia\" \/>\n<meta property=\"article:modified_time\" content=\"2023-10-09T11:21:43+00:00\" \/>\n<meta property=\"og:image\" content=\"https:\/\/fast.wistia.com\/embed\/medias\/eml6nw9uof\/swatch\" \/>\n<meta name=\"twitter:card\" content=\"summary_large_image\" \/>\n<meta name=\"twitter:label1\" content=\"Estimated reading time\" \/>\n\t<meta name=\"twitter:data1\" content=\"2 minutes\" \/>\n<script type=\"application\/ld+json\" class=\"yoast-schema-graph\">{\"@context\":\"https:\/\/schema.org\",\"@graph\":[{\"@type\":\"WebPage\",\"@id\":\"https:\/\/magyarjogaakademia.hu\/elementor-2819\/\",\"url\":\"https:\/\/magyarjogaakademia.hu\/elementor-2819\/\",\"name\":\"Pranajama Tanfolyam Elojelentkezes | Magyar J\u00f3ga Akad\u00e9mia\",\"isPartOf\":{\"@id\":\"https:\/\/magyarjogaakademia.hu\/#website\"},\"primaryImageOfPage\":{\"@id\":\"https:\/\/magyarjogaakademia.hu\/elementor-2819\/#primaryimage\"},\"image\":{\"@id\":\"https:\/\/magyarjogaakademia.hu\/elementor-2819\/#primaryimage\"},\"thumbnailUrl\":\"https:\/\/fast.wistia.com\/embed\/medias\/eml6nw9uof\/swatch\",\"datePublished\":\"2023-10-09T11:21:12+00:00\",\"dateModified\":\"2023-10-09T11:21:43+00:00\",\"breadcrumb\":{\"@id\":\"https:\/\/magyarjogaakademia.hu\/elementor-2819\/#breadcrumb\"},\"inLanguage\":\"en-GB\",\"potentialAction\":[{\"@type\":\"ReadAction\",\"target\":[\"https:\/\/magyarjogaakademia.hu\/elementor-2819\/\"]}]},{\"@type\":\"ImageObject\",\"inLanguage\":\"en-GB\",\"@id\":\"https:\/\/magyarjogaakademia.hu\/elementor-2819\/#primaryimage\",\"url\":\"https:\/\/fast.wistia.com\/embed\/medias\/eml6nw9uof\/swatch\",\"contentUrl\":\"https:\/\/fast.wistia.com\/embed\/medias\/eml6nw9uof\/swatch\"},{\"@type\":\"BreadcrumbList\",\"@id\":\"https:\/\/magyarjogaakademia.hu\/elementor-2819\/#breadcrumb\",\"itemListElement\":[{\"@type\":\"ListItem\",\"position\":1,\"name\":\"Kezd\u0151lap\",\"item\":\"https:\/\/magyarjogaakademia.hu\/\"},{\"@type\":\"ListItem\",\"position\":2,\"name\":\"Pranajama Tanfolyam Elojelentkezes\"}]},{\"@type\":\"WebSite\",\"@id\":\"https:\/\/magyarjogaakademia.hu\/#website\",\"url\":\"https:\/\/magyarjogaakademia.hu\/\",\"name\":\"Magyar J\u00f3ga Akad\u00e9mia\",\"description\":\"Ahol a j\u00f3ga trad\u00edci\u00f3 \u00e9s a tudom\u00e1ny tal\u00e1lkozik.\",\"publisher\":{\"@id\":\"https:\/\/magyarjogaakademia.hu\/#organization\"},\"potentialAction\":[{\"@type\":\"SearchAction\",\"target\":{\"@type\":\"EntryPoint\",\"urlTemplate\":\"https:\/\/magyarjogaakademia.hu\/?s={search_term_string}\"},\"query-input\":{\"@type\":\"PropertyValueSpecification\",\"valueRequired\":true,\"valueName\":\"search_term_string\"}}],\"inLanguage\":\"en-GB\"},{\"@type\":\"Organization\",\"@id\":\"https:\/\/magyarjogaakademia.hu\/#organization\",\"name\":\"Magyar J\u00f3ga Akad\u00e9mia\",\"url\":\"https:\/\/magyarjogaakademia.hu\/\",\"logo\":{\"@type\":\"ImageObject\",\"inLanguage\":\"en-GB\",\"@id\":\"https:\/\/magyarjogaakademia.hu\/#\/schema\/logo\/image\/\",\"url\":\"https:\/\/magyarjogaakademia.hu\/wp-content\/uploads\/2023\/05\/magyar-joga-akademia-logo.png\",\"contentUrl\":\"https:\/\/magyarjogaakademia.hu\/wp-content\/uploads\/2023\/05\/magyar-joga-akademia-logo.png\",\"width\":524,\"height\":498,\"caption\":\"Magyar J\u00f3ga Akad\u00e9mia\"},\"image\":{\"@id\":\"https:\/\/magyarjogaakademia.hu\/#\/schema\/logo\/image\/\"},\"sameAs\":[\"https:\/\/www.facebook.com\/MagyarJogaAkademia\",\"https:\/\/www.youtube.com\/@magyarjogaakademia\"]}]}<\/script>\n<!-- \/ Yoast SEO plugin. -->","yoast_head_json":{"title":"Pranajama Tanfolyam Elojelentkezes | Magyar J\u00f3ga Akad\u00e9mia","robots":{"index":"index","follow":"follow","max-snippet":"max-snippet:-1","max-image-preview":"max-image-preview:large","max-video-preview":"max-video-preview:-1"},"canonical":"https:\/\/magyarjogaakademia.hu\/en\/elementor-2819\/","og_locale":"en_GB","og_type":"article","og_title":"Pranajama Tanfolyam Elojelentkezes | Magyar J\u00f3ga Akad\u00e9mia","og_description":"Tradicion\u00e1lis Pr\u00e1n\u00e1j\u00e1ma online tanfolyam Gratul\u00e1lunk a sikeres el\u0151jelentkez\u00e9shez!&nbsp; A visszaigazol\u00f3 email p\u00e1r percen bel\u00fcl meg\u00e9rkezik a postafi\u00f3kodba.\u00a0 Ha nem tal\u00e1lod, ind\u00edtsd el ezt a vide\u00f3t.\u00a0 J\u00f3 gyakorl\u00e1st k\u00edv\u00e1nunk! Selmecin\u00e9 \u00c1gi \u00e9s Selmeci Csongor Magyar J\u00f3ga Akad\u00e9mia &#8222;Ahol a tradici\u00f3 \u00e9s a tudom\u00e1ny tal\u00e1lkozik.&#8221; Adatv\u00e9delem","og_url":"https:\/\/magyarjogaakademia.hu\/en\/elementor-2819\/","og_site_name":"Magyar J\u00f3ga Akad\u00e9mia","article_publisher":"https:\/\/www.facebook.com\/MagyarJogaAkademia","article_modified_time":"2023-10-09T11:21:43+00:00","og_image":[{"url":"https:\/\/fast.wistia.com\/embed\/medias\/eml6nw9uof\/swatch"}],"twitter_card":"summary_large_image","twitter_misc":{"Estimated reading time":"2 minutes"},"schema":{"@context":"https:\/\/schema.org","@graph":[{"@type":"WebPage","@id":"https:\/\/magyarjogaakademia.hu\/elementor-2819\/","url":"https:\/\/magyarjogaakademia.hu\/elementor-2819\/","name":"Pranajama Tanfolyam Elojelentkezes | Magyar J\u00f3ga Akad\u00e9mia","isPartOf":{"@id":"https:\/\/magyarjogaakademia.hu\/#website"},"primaryImageOfPage":{"@id":"https:\/\/magyarjogaakademia.hu\/elementor-2819\/#primaryimage"},"image":{"@id":"https:\/\/magyarjogaakademia.hu\/elementor-2819\/#primaryimage"},"thumbnailUrl":"https:\/\/fast.wistia.com\/embed\/medias\/eml6nw9uof\/swatch","datePublished":"2023-10-09T11:21:12+00:00","dateModified":"2023-10-09T11:21:43+00:00","breadcrumb":{"@id":"https:\/\/magyarjogaakademia.hu\/elementor-2819\/#breadcrumb"},"inLanguage":"en-GB","potentialAction":[{"@type":"ReadAction","target":["https:\/\/magyarjogaakademia.hu\/elementor-2819\/"]}]},{"@type":"ImageObject","inLanguage":"en-GB","@id":"https:\/\/magyarjogaakademia.hu\/elementor-2819\/#primaryimage","url":"https:\/\/fast.wistia.com\/embed\/medias\/eml6nw9uof\/swatch","contentUrl":"https:\/\/fast.wistia.com\/embed\/medias\/eml6nw9uof\/swatch"},{"@type":"BreadcrumbList","@id":"https:\/\/magyarjogaakademia.hu\/elementor-2819\/#breadcrumb","itemListElement":[{"@type":"ListItem","position":1,"name":"Kezd\u0151lap","item":"https:\/\/magyarjogaakademia.hu\/"},{"@type":"ListItem","position":2,"name":"Pranajama Tanfolyam Elojelentkezes"}]},{"@type":"WebSite","@id":"https:\/\/magyarjogaakademia.hu\/#website","url":"https:\/\/magyarjogaakademia.hu\/","name":"Magyar J\u00f3ga Akad\u00e9mia","description":"Ahol a j\u00f3ga trad\u00edci\u00f3 \u00e9s a tudom\u00e1ny tal\u00e1lkozik.","publisher":{"@id":"https:\/\/magyarjogaakademia.hu\/#organization"},"potentialAction":[{"@type":"SearchAction","target":{"@type":"EntryPoint","urlTemplate":"https:\/\/magyarjogaakademia.hu\/?s={search_term_string}"},"query-input":{"@type":"PropertyValueSpecification","valueRequired":true,"valueName":"search_term_string"}}],"inLanguage":"en-GB"},{"@type":"Organization","@id":"https:\/\/magyarjogaakademia.hu\/#organization","name":"Magyar J\u00f3ga Akad\u00e9mia","url":"https:\/\/magyarjogaakademia.hu\/","logo":{"@type":"ImageObject","inLanguage":"en-GB","@id":"https:\/\/magyarjogaakademia.hu\/#\/schema\/logo\/image\/","url":"https:\/\/magyarjogaakademia.hu\/wp-content\/uploads\/2023\/05\/magyar-joga-akademia-logo.png","contentUrl":"https:\/\/magyarjogaakademia.hu\/wp-content\/uploads\/2023\/05\/magyar-joga-akademia-logo.png","width":524,"height":498,"caption":"Magyar J\u00f3ga Akad\u00e9mia"},"image":{"@id":"https:\/\/magyarjogaakademia.hu\/#\/schema\/logo\/image\/"},"sameAs":["https:\/\/www.facebook.com\/MagyarJogaAkademia","https:\/\/www.youtube.com\/@magyarjogaakademia"]}]}},"_links":{"self":[{"href":"https:\/\/magyarjogaakademia.hu\/en\/wp-json\/wp\/v2\/pages\/2819","targetHints":{"allow":["GET"]}}],"collection":[{"href":"https:\/\/magyarjogaakademia.hu\/en\/wp-json\/wp\/v2\/pages"}],"about":[{"href":"https:\/\/magyarjogaakademia.hu\/en\/wp-json\/wp\/v2\/types\/page"}],"author":[{"embeddable":true,"href":"https:\/\/magyarjogaakademia.hu\/en\/wp-json\/wp\/v2\/users\/4"}],"replies":[{"embeddable":true,"href":"https:\/\/magyarjogaakademia.hu\/en\/wp-json\/wp\/v2\/comments?post=2819"}],"version-history":[{"count":0,"href":"https:\/\/magyarjogaakademia.hu\/en\/wp-json\/wp\/v2\/pages\/2819\/revisions"}],"wp:attachment":[{"href":"https:\/\/magyarjogaakademia.hu\/en\/wp-json\/wp\/v2\/media?parent=2819"}],"curies":[{"name":"wp","href":"https:\/\/api.w.org\/{rel}","templated":true}]}}