{"id":2545,"date":"2023-08-22T10:37:14","date_gmt":"2023-08-22T10:37:14","guid":{"rendered":"https:\/\/magyarjogaakademia.hu\/?page_id=2545"},"modified":"2023-08-22T10:37:14","modified_gmt":"2023-08-22T10:37:14","slug":"pranajama","status":"publish","type":"page","link":"https:\/\/magyarjogaakademia.hu\/en\/pranajama\/","title":{"rendered":"Trad\u00edcion\u00e1lis Pr\u00e1n\u00e1j\u00e1ma"},"content":{"rendered":"","protected":false},"excerpt":{"rendered":"","protected":false},"author":4,"featured_media":0,"parent":0,"menu_order":0,"comment_status":"closed","ping_status":"closed","template":"","meta":{"site-sidebar-layout":"default","site-content-layout":"","ast-site-content-layout":"default","site-content-style":"default","site-sidebar-style":"default","ast-global-header-display":"","ast-banner-title-visibility":"","ast-main-header-display":"","ast-hfb-above-header-display":"","ast-hfb-below-header-display":"","ast-hfb-mobile-header-display":"","site-post-title":"","ast-breadcrumbs-content":"","ast-featured-img":"","footer-sml-layout":"","theme-transparent-header-meta":"default","adv-header-id-meta":"","stick-header-meta":"default","header-above-stick-meta":"","header-main-stick-meta":"","header-below-stick-meta":"","astra-migrate-meta-layouts":"set","ast-page-background-enabled":"default","ast-page-background-meta":{"desktop":{"background-color":"","background-image":"","background-repeat":"repeat","background-position":"center center","background-size":"auto","background-attachment":"scroll","background-type":"","background-media":"","overlay-type":"","overlay-color":"","overlay-opacity":"","overlay-gradient":""},"tablet":{"background-color":"","background-image":"","background-repeat":"repeat","background-position":"center center","background-size":"auto","background-attachment":"scroll","background-type":"","background-media":"","overlay-type":"","overlay-color":"","overlay-opacity":"","overlay-gradient":""},"mobile":{"background-color":"","background-image":"","background-repeat":"repeat","background-position":"center center","background-size":"auto","background-attachment":"scroll","background-type":"","background-media":"","overlay-type":"","overlay-color":"","overlay-opacity":"","overlay-gradient":""}},"ast-content-background-meta":{"desktop":{"background-color":"var(--ast-global-color-5)","background-image":"","background-repeat":"repeat","background-position":"center center","background-size":"auto","background-attachment":"scroll","background-type":"","background-media":"","overlay-type":"","overlay-color":"","overlay-opacity":"","overlay-gradient":""},"tablet":{"background-color":"var(--ast-global-color-5)","background-image":"","background-repeat":"repeat","background-position":"center center","background-size":"auto","background-attachment":"scroll","background-type":"","background-media":"","overlay-type":"","overlay-color":"","overlay-opacity":"","overlay-gradient":""},"mobile":{"background-color":"var(--ast-global-color-5)","background-image":"","background-repeat":"repeat","background-position":"center center","background-size":"auto","background-attachment":"scroll","background-type":"","background-media":"","overlay-type":"","overlay-color":"","overlay-opacity":"","overlay-gradient":""}},"footnotes":""},"class_list":["post-2545","page","type-page","status-publish","hentry"],"yoast_head":"<!-- This site is optimized with the Yoast SEO plugin v23.9 - https:\/\/yoast.com\/wordpress\/plugins\/seo\/ -->\n<title>Trad\u00edcion\u00e1lis Pr\u00e1n\u00e1j\u00e1ma | Magyar J\u00f3ga Akad\u00e9mia<\/title>\n<meta name=\"robots\" content=\"index, follow, max-snippet:-1, max-image-preview:large, max-video-preview:-1\" \/>\n<link rel=\"canonical\" href=\"https:\/\/magyarjogaakademia.hu\/en\/pranajama\/\" \/>\n<meta property=\"og:locale\" content=\"en_GB\" \/>\n<meta property=\"og:type\" content=\"article\" \/>\n<meta property=\"og:title\" content=\"Trad\u00edcion\u00e1lis Pr\u00e1n\u00e1j\u00e1ma | Magyar J\u00f3ga Akad\u00e9mia\" \/>\n<meta property=\"og:url\" content=\"https:\/\/magyarjogaakademia.hu\/en\/pranajama\/\" \/>\n<meta property=\"og:site_name\" content=\"Magyar J\u00f3ga Akad\u00e9mia\" \/>\n<meta property=\"article:publisher\" content=\"https:\/\/www.facebook.com\/MagyarJogaAkademia\" \/>\n<meta name=\"twitter:card\" content=\"summary_large_image\" \/>\n<script type=\"application\/ld+json\" class=\"yoast-schema-graph\">{\"@context\":\"https:\/\/schema.org\",\"@graph\":[{\"@type\":\"WebPage\",\"@id\":\"https:\/\/magyarjogaakademia.hu\/pranajama\/\",\"url\":\"https:\/\/magyarjogaakademia.hu\/pranajama\/\",\"name\":\"Trad\u00edcion\u00e1lis Pr\u00e1n\u00e1j\u00e1ma | Magyar J\u00f3ga Akad\u00e9mia\",\"isPartOf\":{\"@id\":\"https:\/\/magyarjogaakademia.hu\/#website\"},\"datePublished\":\"2023-08-22T10:37:14+00:00\",\"dateModified\":\"2023-08-22T10:37:14+00:00\",\"breadcrumb\":{\"@id\":\"https:\/\/magyarjogaakademia.hu\/pranajama\/#breadcrumb\"},\"inLanguage\":\"en-GB\",\"potentialAction\":[{\"@type\":\"ReadAction\",\"target\":[\"https:\/\/magyarjogaakademia.hu\/pranajama\/\"]}]},{\"@type\":\"BreadcrumbList\",\"@id\":\"https:\/\/magyarjogaakademia.hu\/pranajama\/#breadcrumb\",\"itemListElement\":[{\"@type\":\"ListItem\",\"position\":1,\"name\":\"Kezd\u0151lap\",\"item\":\"https:\/\/magyarjogaakademia.hu\/\"},{\"@type\":\"ListItem\",\"position\":2,\"name\":\"Trad\u00edcion\u00e1lis Pr\u00e1n\u00e1j\u00e1ma\"}]},{\"@type\":\"WebSite\",\"@id\":\"https:\/\/magyarjogaakademia.hu\/#website\",\"url\":\"https:\/\/magyarjogaakademia.hu\/\",\"name\":\"Magyar J\u00f3ga Akad\u00e9mia\",\"description\":\"Ahol a j\u00f3ga trad\u00edci\u00f3 \u00e9s a tudom\u00e1ny tal\u00e1lkozik.\",\"publisher\":{\"@id\":\"https:\/\/magyarjogaakademia.hu\/#organization\"},\"potentialAction\":[{\"@type\":\"SearchAction\",\"target\":{\"@type\":\"EntryPoint\",\"urlTemplate\":\"https:\/\/magyarjogaakademia.hu\/?s={search_term_string}\"},\"query-input\":{\"@type\":\"PropertyValueSpecification\",\"valueRequired\":true,\"valueName\":\"search_term_string\"}}],\"inLanguage\":\"en-GB\"},{\"@type\":\"Organization\",\"@id\":\"https:\/\/magyarjogaakademia.hu\/#organization\",\"name\":\"Magyar J\u00f3ga Akad\u00e9mia\",\"url\":\"https:\/\/magyarjogaakademia.hu\/\",\"logo\":{\"@type\":\"ImageObject\",\"inLanguage\":\"en-GB\",\"@id\":\"https:\/\/magyarjogaakademia.hu\/#\/schema\/logo\/image\/\",\"url\":\"https:\/\/magyarjogaakademia.hu\/wp-content\/uploads\/2023\/05\/magyar-joga-akademia-logo.png\",\"contentUrl\":\"https:\/\/magyarjogaakademia.hu\/wp-content\/uploads\/2023\/05\/magyar-joga-akademia-logo.png\",\"width\":524,\"height\":498,\"caption\":\"Magyar J\u00f3ga Akad\u00e9mia\"},\"image\":{\"@id\":\"https:\/\/magyarjogaakademia.hu\/#\/schema\/logo\/image\/\"},\"sameAs\":[\"https:\/\/www.facebook.com\/MagyarJogaAkademia\",\"https:\/\/www.youtube.com\/@magyarjogaakademia\"]}]}<\/script>\n<!-- \/ Yoast SEO plugin. -->","yoast_head_json":{"title":"Trad\u00edcion\u00e1lis Pr\u00e1n\u00e1j\u00e1ma | Magyar J\u00f3ga Akad\u00e9mia","robots":{"index":"index","follow":"follow","max-snippet":"max-snippet:-1","max-image-preview":"max-image-preview:large","max-video-preview":"max-video-preview:-1"},"canonical":"https:\/\/magyarjogaakademia.hu\/en\/pranajama\/","og_locale":"en_GB","og_type":"article","og_title":"Trad\u00edcion\u00e1lis Pr\u00e1n\u00e1j\u00e1ma | Magyar J\u00f3ga Akad\u00e9mia","og_url":"https:\/\/magyarjogaakademia.hu\/en\/pranajama\/","og_site_name":"Magyar J\u00f3ga Akad\u00e9mia","article_publisher":"https:\/\/www.facebook.com\/MagyarJogaAkademia","twitter_card":"summary_large_image","schema":{"@context":"https:\/\/schema.org","@graph":[{"@type":"WebPage","@id":"https:\/\/magyarjogaakademia.hu\/pranajama\/","url":"https:\/\/magyarjogaakademia.hu\/pranajama\/","name":"Trad\u00edcion\u00e1lis Pr\u00e1n\u00e1j\u00e1ma | Magyar J\u00f3ga Akad\u00e9mia","isPartOf":{"@id":"https:\/\/magyarjogaakademia.hu\/#website"},"datePublished":"2023-08-22T10:37:14+00:00","dateModified":"2023-08-22T10:37:14+00:00","breadcrumb":{"@id":"https:\/\/magyarjogaakademia.hu\/pranajama\/#breadcrumb"},"inLanguage":"en-GB","potentialAction":[{"@type":"ReadAction","target":["https:\/\/magyarjogaakademia.hu\/pranajama\/"]}]},{"@type":"BreadcrumbList","@id":"https:\/\/magyarjogaakademia.hu\/pranajama\/#breadcrumb","itemListElement":[{"@type":"ListItem","position":1,"name":"Kezd\u0151lap","item":"https:\/\/magyarjogaakademia.hu\/"},{"@type":"ListItem","position":2,"name":"Trad\u00edcion\u00e1lis Pr\u00e1n\u00e1j\u00e1ma"}]},{"@type":"WebSite","@id":"https:\/\/magyarjogaakademia.hu\/#website","url":"https:\/\/magyarjogaakademia.hu\/","name":"Magyar J\u00f3ga Akad\u00e9mia","description":"Ahol a j\u00f3ga trad\u00edci\u00f3 \u00e9s a tudom\u00e1ny tal\u00e1lkozik.","publisher":{"@id":"https:\/\/magyarjogaakademia.hu\/#organization"},"potentialAction":[{"@type":"SearchAction","target":{"@type":"EntryPoint","urlTemplate":"https:\/\/magyarjogaakademia.hu\/?s={search_term_string}"},"query-input":{"@type":"PropertyValueSpecification","valueRequired":true,"valueName":"search_term_string"}}],"inLanguage":"en-GB"},{"@type":"Organization","@id":"https:\/\/magyarjogaakademia.hu\/#organization","name":"Magyar J\u00f3ga Akad\u00e9mia","url":"https:\/\/magyarjogaakademia.hu\/","logo":{"@type":"ImageObject","inLanguage":"en-GB","@id":"https:\/\/magyarjogaakademia.hu\/#\/schema\/logo\/image\/","url":"https:\/\/magyarjogaakademia.hu\/wp-content\/uploads\/2023\/05\/magyar-joga-akademia-logo.png","contentUrl":"https:\/\/magyarjogaakademia.hu\/wp-content\/uploads\/2023\/05\/magyar-joga-akademia-logo.png","width":524,"height":498,"caption":"Magyar J\u00f3ga Akad\u00e9mia"},"image":{"@id":"https:\/\/magyarjogaakademia.hu\/#\/schema\/logo\/image\/"},"sameAs":["https:\/\/www.facebook.com\/MagyarJogaAkademia","https:\/\/www.youtube.com\/@magyarjogaakademia"]}]}},"_links":{"self":[{"href":"https:\/\/magyarjogaakademia.hu\/en\/wp-json\/wp\/v2\/pages\/2545","targetHints":{"allow":["GET"]}}],"collection":[{"href":"https:\/\/magyarjogaakademia.hu\/en\/wp-json\/wp\/v2\/pages"}],"about":[{"href":"https:\/\/magyarjogaakademia.hu\/en\/wp-json\/wp\/v2\/types\/page"}],"author":[{"embeddable":true,"href":"https:\/\/magyarjogaakademia.hu\/en\/wp-json\/wp\/v2\/users\/4"}],"replies":[{"embeddable":true,"href":"https:\/\/magyarjogaakademia.hu\/en\/wp-json\/wp\/v2\/comments?post=2545"}],"version-history":[{"count":0,"href":"https:\/\/magyarjogaakademia.hu\/en\/wp-json\/wp\/v2\/pages\/2545\/revisions"}],"wp:attachment":[{"href":"https:\/\/magyarjogaakademia.hu\/en\/wp-json\/wp\/v2\/media?parent=2545"}],"curies":[{"name":"wp","href":"https:\/\/api.w.org\/{rel}","templated":true}]}}